{"id":5808,"date":"2025-12-12T15:08:00","date_gmt":"2025-12-12T13:08:00","guid":{"rendered":"https:\/\/hotelseafront.fi\/?page_id=5808"},"modified":"2025-12-12T07:37:42","modified_gmt":"2025-12-12T05:37:42","slug":"jarjesta-tapahtumasi-hotel-sea-frontissa","status":"publish","type":"page","link":"https:\/\/hotelseafront.fi\/sv\/jarjesta-tapahtumasi-hotel-sea-frontissa\/","title":{"rendered":"Evenemang p\u00e5 Hotel Sea Front"},"content":{"rendered":"\n<p><br><\/p>\n\n\n\n<div class=\"wp-block-qi-blocks-image-slider qodef-block-container qodef-block-43333f86\"><div class=\"qi-block-image-slider qodef-block qodef-m qi-block-fslightbox-popup qodef-popup-gallery\"><div class=\"qodef-block-swiper qodef-navigation--inside qodef-pagination--inside qodef-navigation--hover-move\" data-options=\"{&quot;direction&quot;:&quot;horizontal&quot;,&quot;slidesPerView&quot;:1,&quot;spaceBetween&quot;:0,&quot;loop&quot;:true,&quot;autoplay&quot;:true,&quot;centeredSlides&quot;:false,&quot;dragging&quot;:true,&quot;outsideNavigation&quot;:&quot;no&quot;,&quot;outsidePagination&quot;:&quot;no&quot;,&quot;effect&quot;:&quot;slide&quot;}\"><div class=\"swiper-wrapper\"><div class=\"qodef-e swiper-slide\"><div class=\"qodef-e-inner\"><a class=\"qodef-popup-item\" href=\"https:\/\/hotelseafront.fi\/wp-content\/uploads\/2025\/12\/DSC0020.jpg\" data-type=\"image\" data-fslightbox=\"gallery-437\"><img fetchpriority=\"high\" decoding=\"async\" width=\"2048\" height=\"1365\" class=\"qodef-e-image wp-image-5792\" src=\"https:\/\/hotelseafront.fi\/wp-content\/uploads\/2025\/12\/DSC0020.jpg\" alt=\"\" srcset=\"https:\/\/hotelseafront.fi\/wp-content\/uploads\/2025\/12\/DSC0020.jpg 2048w, https:\/\/hotelseafront.fi\/wp-content\/uploads\/2025\/12\/DSC0020-300x200.jpg 300w, https:\/\/hotelseafront.fi\/wp-content\/uploads\/2025\/12\/DSC0020-1024x683.jpg 1024w, https:\/\/hotelseafront.fi\/wp-content\/uploads\/2025\/12\/DSC0020-768x512.jpg 768w, https:\/\/hotelseafront.fi\/wp-content\/uploads\/2025\/12\/DSC0020-1536x1024.jpg 1536w\" sizes=\"(max-width: 2048px) 100vw, 2048px\" \/><\/a><\/div><\/div><div class=\"qodef-e swiper-slide\"><div class=\"qodef-e-inner\"><a class=\"qodef-popup-item\" href=\"https:\/\/hotelseafront.fi\/wp-content\/uploads\/2025\/12\/DSC0021.jpg\" data-type=\"image\" data-fslightbox=\"gallery-437\"><img decoding=\"async\" width=\"2048\" height=\"1365\" class=\"qodef-e-image wp-image-5795\" src=\"https:\/\/hotelseafront.fi\/wp-content\/uploads\/2025\/12\/DSC0021.jpg\" alt=\"\" srcset=\"https:\/\/hotelseafront.fi\/wp-content\/uploads\/2025\/12\/DSC0021.jpg 2048w, https:\/\/hotelseafront.fi\/wp-content\/uploads\/2025\/12\/DSC0021-300x200.jpg 300w, https:\/\/hotelseafront.fi\/wp-content\/uploads\/2025\/12\/DSC0021-1024x683.jpg 1024w, https:\/\/hotelseafront.fi\/wp-content\/uploads\/2025\/12\/DSC0021-768x512.jpg 768w, https:\/\/hotelseafront.fi\/wp-content\/uploads\/2025\/12\/DSC0021-1536x1024.jpg 1536w\" sizes=\"(max-width: 2048px) 100vw, 2048px\" \/><\/a><\/div><\/div><div class=\"qodef-e swiper-slide\"><div class=\"qodef-e-inner\"><a class=\"qodef-popup-item\" href=\"https:\/\/hotelseafront.fi\/wp-content\/uploads\/2025\/12\/DSC0028.jpg\" data-type=\"image\" data-fslightbox=\"gallery-437\"><img decoding=\"async\" width=\"2048\" height=\"1365\" class=\"qodef-e-image wp-image-5797\" src=\"https:\/\/hotelseafront.fi\/wp-content\/uploads\/2025\/12\/DSC0028.jpg\" alt=\"\" srcset=\"https:\/\/hotelseafront.fi\/wp-content\/uploads\/2025\/12\/DSC0028.jpg 2048w, https:\/\/hotelseafront.fi\/wp-content\/uploads\/2025\/12\/DSC0028-300x200.jpg 300w, https:\/\/hotelseafront.fi\/wp-content\/uploads\/2025\/12\/DSC0028-1024x683.jpg 1024w, https:\/\/hotelseafront.fi\/wp-content\/uploads\/2025\/12\/DSC0028-768x512.jpg 768w, https:\/\/hotelseafront.fi\/wp-content\/uploads\/2025\/12\/DSC0028-1536x1024.jpg 1536w\" sizes=\"(max-width: 2048px) 100vw, 2048px\" \/><\/a><\/div><\/div><div class=\"qodef-e swiper-slide\"><div class=\"qodef-e-inner\"><a class=\"qodef-popup-item\" href=\"https:\/\/hotelseafront.fi\/wp-content\/uploads\/2025\/12\/DSC0055.jpg\" data-type=\"image\" data-fslightbox=\"gallery-437\"><img loading=\"lazy\" decoding=\"async\" width=\"2048\" height=\"1365\" class=\"qodef-e-image wp-image-5799\" src=\"https:\/\/hotelseafront.fi\/wp-content\/uploads\/2025\/12\/DSC0055.jpg\" alt=\"\" srcset=\"https:\/\/hotelseafront.fi\/wp-content\/uploads\/2025\/12\/DSC0055.jpg 2048w, https:\/\/hotelseafront.fi\/wp-content\/uploads\/2025\/12\/DSC0055-300x200.jpg 300w, https:\/\/hotelseafront.fi\/wp-content\/uploads\/2025\/12\/DSC0055-1024x683.jpg 1024w, https:\/\/hotelseafront.fi\/wp-content\/uploads\/2025\/12\/DSC0055-768x512.jpg 768w, https:\/\/hotelseafront.fi\/wp-content\/uploads\/2025\/12\/DSC0055-1536x1024.jpg 1536w\" sizes=\"(max-width: 2048px) 100vw, 2048px\" \/><\/a><\/div><\/div><div class=\"qodef-e swiper-slide\"><div class=\"qodef-e-inner\"><a class=\"qodef-popup-item\" href=\"https:\/\/hotelseafront.fi\/wp-content\/uploads\/2025\/12\/DSC0009.jpg\" data-type=\"image\" data-fslightbox=\"gallery-437\"><img loading=\"lazy\" decoding=\"async\" width=\"2048\" height=\"1365\" class=\"qodef-e-image wp-image-5801\" src=\"https:\/\/hotelseafront.fi\/wp-content\/uploads\/2025\/12\/DSC0009.jpg\" alt=\"\" srcset=\"https:\/\/hotelseafront.fi\/wp-content\/uploads\/2025\/12\/DSC0009.jpg 2048w, https:\/\/hotelseafront.fi\/wp-content\/uploads\/2025\/12\/DSC0009-300x200.jpg 300w, https:\/\/hotelseafront.fi\/wp-content\/uploads\/2025\/12\/DSC0009-1024x683.jpg 1024w, https:\/\/hotelseafront.fi\/wp-content\/uploads\/2025\/12\/DSC0009-768x512.jpg 768w, https:\/\/hotelseafront.fi\/wp-content\/uploads\/2025\/12\/DSC0009-1536x1024.jpg 1536w\" sizes=\"(max-width: 2048px) 100vw, 2048px\" \/><\/a><\/div><\/div><\/div><div class=\"swiper-button-prev swiper-button-prev-qodef-block-43333f86\"><svg xmlns=\"http:\/\/www.w3.org\/2000\/svg\" xmlns:xlink=\"http:\/\/www.w3.org\/1999\/xlink\" x=\"0px\" y=\"0px\" viewBox=\"0 0 34.2 32.3\" xml:space=\"preserve\" style=\"stroke-width: 2;\"><line x1=\"0.5\" y1=\"16\" x2=\"33.5\" y2=\"16\"\/><line x1=\"0.3\" y1=\"16.5\" x2=\"16.2\" y2=\"0.7\"\/><line x1=\"0\" y1=\"15.4\" x2=\"16.2\" y2=\"31.6\"\/><\/svg><\/div><div class=\"swiper-button-next swiper-button-next-qodef-block-43333f86\"><svg xmlns=\"http:\/\/www.w3.org\/2000\/svg\" xmlns:xlink=\"http:\/\/www.w3.org\/1999\/xlink\" x=\"0px\" y=\"0px\" viewBox=\"0 0 34.2 32.3\" xml:space=\"preserve\" style=\"stroke-width: 2;\"><line x1=\"0\" y1=\"16\" x2=\"33\" y2=\"16\"\/><line x1=\"17.3\" y1=\"0.7\" x2=\"33.2\" y2=\"16.5\"\/><line x1=\"17.3\" y1=\"31.6\" x2=\"33.5\" y2=\"15.4\"\/><\/svg><\/div><div class=\"swiper-pagination \"><\/div><\/div><\/div><\/div>\n\n\n\n<p>P\u00e5 Hotel Sea Front \u00e4r evenemang enkla, varma och l\u00e4tta att ordna.<br>Vi fokuserar p\u00e5 st\u00e4mning, klarhet och god service \u2013 s\u00e5 att varje tillst\u00e4llning k\u00e4nns naturlig fr\u00e5n f\u00f6rsta stund.<br>V\u00e5ra utrymmen passar bland annat f\u00f6r:<\/p>\n\n\n\n<p>familjesammankomster<br>V\u00e5ra lokaler anpassas efter ert behov, och vi hj\u00e4lper g\u00e4rna med praktiska detaljer s\u00e5som rumsuppl\u00e4gg, servering och tidsschema \u2013 s\u00e5 att ni kan koncentrera er p\u00e5 m\u00e4nniskorna och stunden.<br>Om ni planerar ett evenemang hos oss, kontakta oss s\u00e5 utformar vi upplevelsen tillsammans.den Hotel Sea Frontissa, ota yhteytt\u00e4 ja suunnitellaan se yhdess\u00e4.<\/p>\n\n\n\n<p>mindre fester<\/p>\n\n\n\n<p>privata middagar<\/p>\n\n\n\n<p>m\u00f6ten och workshops<\/p>\n\n\n\n<p>s\u00e4songsevenemang<\/p>\n\n\n\n<p><br>+<a href=\"tel:358192461500\" target=\"_blank\" rel=\"noreferrer noopener\">+358(0)19 2461500<\/a><\/p>\n\n\n\n<p><\/p>\n","protected":false},"excerpt":{"rendered":"<p>P\u00e5 Hotel Sea Front \u00e4r evenemang enkla, varma och l\u00e4tta att ordna.Vi fokuserar p\u00e5 st\u00e4mning, klarhet och god service \u2013 s\u00e5 att varje tillst\u00e4llning k\u00e4nns naturlig fr\u00e5n f\u00f6rsta stund.V\u00e5ra utrymmen passar bland annat f\u00f6r: familjesammankomsterV\u00e5ra lokaler anpassas efter ert behov, och vi hj\u00e4lper g\u00e4rna med praktiska detaljer s\u00e5som rumsuppl\u00e4gg, servering och tidsschema \u2013 s\u00e5 att [&hellip;]<\/p>\n","protected":false},"author":1,"featured_media":5793,"parent":0,"menu_order":0,"comment_status":"closed","ping_status":"closed","template":"","meta":{"footnotes":""},"class_list":["post-5808","page","type-page","status-publish","has-post-thumbnail","hentry"],"yoast_head":"<!-- This site is optimized with the Yoast SEO plugin v27.4 - https:\/\/yoast.com\/product\/yoast-seo-wordpress\/ -->\n<title>Evenemang p\u00e5 Hotel Sea Front - Hotel Sea Front<\/title>\n<meta name=\"robots\" content=\"index, follow, max-snippet:-1, max-image-preview:large, max-video-preview:-1\" \/>\n<link rel=\"canonical\" href=\"https:\/\/hotelseafront.fi\/jarjesta-tapahtumasi-hotel-sea-frontissa\/\" \/>\n<meta property=\"og:locale\" content=\"sv_SE\" \/>\n<meta property=\"og:type\" content=\"article\" \/>\n<meta property=\"og:title\" content=\"Evenemang p\u00e5 Hotel Sea Front - Hotel Sea Front\" \/>\n<meta property=\"og:description\" content=\"P\u00e5 Hotel Sea Front \u00e4r evenemang enkla, varma och l\u00e4tta att ordna.Vi fokuserar p\u00e5 st\u00e4mning, klarhet och god service \u2013 s\u00e5 att varje tillst\u00e4llning k\u00e4nns naturlig fr\u00e5n f\u00f6rsta stund.V\u00e5ra utrymmen passar bland annat f\u00f6r: familjesammankomsterV\u00e5ra lokaler anpassas efter ert behov, och vi hj\u00e4lper g\u00e4rna med praktiska detaljer s\u00e5som rumsuppl\u00e4gg, servering och tidsschema \u2013 s\u00e5 att [&hellip;]\" \/>\n<meta property=\"og:url\" content=\"https:\/\/hotelseafront.fi\/jarjesta-tapahtumasi-hotel-sea-frontissa\/\" \/>\n<meta property=\"og:site_name\" content=\"Hotel Sea Front\" \/>\n<meta property=\"og:image\" content=\"https:\/\/hotelseafront.fi\/wp-content\/uploads\/2025\/12\/DSC0020.jpg\" \/>\n\t<meta property=\"og:image:width\" content=\"2048\" \/>\n\t<meta property=\"og:image:height\" content=\"1365\" \/>\n\t<meta property=\"og:image:type\" content=\"image\/jpeg\" \/>\n<meta name=\"twitter:card\" content=\"summary_large_image\" \/>\n<meta name=\"twitter:label1\" content=\"Ber\u00e4knad l\u00e4stid\" \/>\n\t<meta name=\"twitter:data1\" content=\"1 minut\" \/>\n<script type=\"application\/ld+json\" class=\"yoast-schema-graph\">{\"@context\":\"https:\\\/\\\/schema.org\",\"@graph\":[{\"@type\":\"WebPage\",\"@id\":\"https:\\\/\\\/hotelseafront.fi\\\/jarjesta-tapahtumasi-hotel-sea-frontissa\\\/\",\"url\":\"https:\\\/\\\/hotelseafront.fi\\\/jarjesta-tapahtumasi-hotel-sea-frontissa\\\/\",\"name\":\"Evenemang p\u00e5 Hotel Sea Front - Hotel Sea Front\",\"isPartOf\":{\"@id\":\"https:\\\/\\\/hotelseafront.fi\\\/#website\"},\"primaryImageOfPage\":{\"@id\":\"https:\\\/\\\/hotelseafront.fi\\\/jarjesta-tapahtumasi-hotel-sea-frontissa\\\/#primaryimage\"},\"image\":{\"@id\":\"https:\\\/\\\/hotelseafront.fi\\\/jarjesta-tapahtumasi-hotel-sea-frontissa\\\/#primaryimage\"},\"thumbnailUrl\":\"https:\\\/\\\/hotelseafront.fi\\\/wp-content\\\/uploads\\\/2025\\\/12\\\/DSC0020.jpg\",\"datePublished\":\"2025-12-12T13:08:00+00:00\",\"breadcrumb\":{\"@id\":\"https:\\\/\\\/hotelseafront.fi\\\/jarjesta-tapahtumasi-hotel-sea-frontissa\\\/#breadcrumb\"},\"inLanguage\":\"sv-SE\",\"potentialAction\":[{\"@type\":\"ReadAction\",\"target\":[\"https:\\\/\\\/hotelseafront.fi\\\/jarjesta-tapahtumasi-hotel-sea-frontissa\\\/\"]}]},{\"@type\":\"ImageObject\",\"inLanguage\":\"sv-SE\",\"@id\":\"https:\\\/\\\/hotelseafront.fi\\\/jarjesta-tapahtumasi-hotel-sea-frontissa\\\/#primaryimage\",\"url\":\"https:\\\/\\\/hotelseafront.fi\\\/wp-content\\\/uploads\\\/2025\\\/12\\\/DSC0020.jpg\",\"contentUrl\":\"https:\\\/\\\/hotelseafront.fi\\\/wp-content\\\/uploads\\\/2025\\\/12\\\/DSC0020.jpg\",\"width\":2048,\"height\":1365},{\"@type\":\"BreadcrumbList\",\"@id\":\"https:\\\/\\\/hotelseafront.fi\\\/jarjesta-tapahtumasi-hotel-sea-frontissa\\\/#breadcrumb\",\"itemListElement\":[{\"@type\":\"ListItem\",\"position\":1,\"name\":\"Etusivu\",\"item\":\"https:\\\/\\\/hotelseafront.fi\\\/\"},{\"@type\":\"ListItem\",\"position\":2,\"name\":\"Evenemang p\u00e5 Hotel Sea Front\"}]},{\"@type\":\"WebSite\",\"@id\":\"https:\\\/\\\/hotelseafront.fi\\\/#website\",\"url\":\"https:\\\/\\\/hotelseafront.fi\\\/\",\"name\":\"Hotel Sea Front\",\"description\":\"Hotelli Tammisaaressa\",\"publisher\":{\"@id\":\"https:\\\/\\\/hotelseafront.fi\\\/#organization\"},\"potentialAction\":[{\"@type\":\"SearchAction\",\"target\":{\"@type\":\"EntryPoint\",\"urlTemplate\":\"https:\\\/\\\/hotelseafront.fi\\\/?s={search_term_string}\"},\"query-input\":{\"@type\":\"PropertyValueSpecification\",\"valueRequired\":true,\"valueName\":\"search_term_string\"}}],\"inLanguage\":\"sv-SE\"},{\"@type\":\"Organization\",\"@id\":\"https:\\\/\\\/hotelseafront.fi\\\/#organization\",\"name\":\"Hotel Sea Front\",\"url\":\"https:\\\/\\\/hotelseafront.fi\\\/\",\"logo\":{\"@type\":\"ImageObject\",\"inLanguage\":\"sv-SE\",\"@id\":\"https:\\\/\\\/hotelseafront.fi\\\/#\\\/schema\\\/logo\\\/image\\\/\",\"url\":\"https:\\\/\\\/hotelseafront.fi\\\/wp-content\\\/uploads\\\/2023\\\/11\\\/Seafront-logo-180.png\",\"contentUrl\":\"https:\\\/\\\/hotelseafront.fi\\\/wp-content\\\/uploads\\\/2023\\\/11\\\/Seafront-logo-180.png\",\"width\":165,\"height\":165,\"caption\":\"Hotel Sea Front\"},\"image\":{\"@id\":\"https:\\\/\\\/hotelseafront.fi\\\/#\\\/schema\\\/logo\\\/image\\\/\"}}]}<\/script>\n<!-- \/ Yoast SEO plugin. -->","yoast_head_json":{"title":"Evenemang p\u00e5 Hotel Sea Front - Hotel Sea Front","robots":{"index":"index","follow":"follow","max-snippet":"max-snippet:-1","max-image-preview":"max-image-preview:large","max-video-preview":"max-video-preview:-1"},"canonical":"https:\/\/hotelseafront.fi\/jarjesta-tapahtumasi-hotel-sea-frontissa\/","og_locale":"sv_SE","og_type":"article","og_title":"Evenemang p\u00e5 Hotel Sea Front - Hotel Sea Front","og_description":"P\u00e5 Hotel Sea Front \u00e4r evenemang enkla, varma och l\u00e4tta att ordna.Vi fokuserar p\u00e5 st\u00e4mning, klarhet och god service \u2013 s\u00e5 att varje tillst\u00e4llning k\u00e4nns naturlig fr\u00e5n f\u00f6rsta stund.V\u00e5ra utrymmen passar bland annat f\u00f6r: familjesammankomsterV\u00e5ra lokaler anpassas efter ert behov, och vi hj\u00e4lper g\u00e4rna med praktiska detaljer s\u00e5som rumsuppl\u00e4gg, servering och tidsschema \u2013 s\u00e5 att [&hellip;]","og_url":"https:\/\/hotelseafront.fi\/jarjesta-tapahtumasi-hotel-sea-frontissa\/","og_site_name":"Hotel Sea Front","og_image":[{"width":2048,"height":1365,"url":"https:\/\/hotelseafront.fi\/wp-content\/uploads\/2025\/12\/DSC0020.jpg","type":"image\/jpeg"}],"twitter_card":"summary_large_image","twitter_misc":{"Ber\u00e4knad l\u00e4stid":"1 minut"},"schema":{"@context":"https:\/\/schema.org","@graph":[{"@type":"WebPage","@id":"https:\/\/hotelseafront.fi\/jarjesta-tapahtumasi-hotel-sea-frontissa\/","url":"https:\/\/hotelseafront.fi\/jarjesta-tapahtumasi-hotel-sea-frontissa\/","name":"Evenemang p\u00e5 Hotel Sea Front - Hotel Sea Front","isPartOf":{"@id":"https:\/\/hotelseafront.fi\/#website"},"primaryImageOfPage":{"@id":"https:\/\/hotelseafront.fi\/jarjesta-tapahtumasi-hotel-sea-frontissa\/#primaryimage"},"image":{"@id":"https:\/\/hotelseafront.fi\/jarjesta-tapahtumasi-hotel-sea-frontissa\/#primaryimage"},"thumbnailUrl":"https:\/\/hotelseafront.fi\/wp-content\/uploads\/2025\/12\/DSC0020.jpg","datePublished":"2025-12-12T13:08:00+00:00","breadcrumb":{"@id":"https:\/\/hotelseafront.fi\/jarjesta-tapahtumasi-hotel-sea-frontissa\/#breadcrumb"},"inLanguage":"sv-SE","potentialAction":[{"@type":"ReadAction","target":["https:\/\/hotelseafront.fi\/jarjesta-tapahtumasi-hotel-sea-frontissa\/"]}]},{"@type":"ImageObject","inLanguage":"sv-SE","@id":"https:\/\/hotelseafront.fi\/jarjesta-tapahtumasi-hotel-sea-frontissa\/#primaryimage","url":"https:\/\/hotelseafront.fi\/wp-content\/uploads\/2025\/12\/DSC0020.jpg","contentUrl":"https:\/\/hotelseafront.fi\/wp-content\/uploads\/2025\/12\/DSC0020.jpg","width":2048,"height":1365},{"@type":"BreadcrumbList","@id":"https:\/\/hotelseafront.fi\/jarjesta-tapahtumasi-hotel-sea-frontissa\/#breadcrumb","itemListElement":[{"@type":"ListItem","position":1,"name":"Etusivu","item":"https:\/\/hotelseafront.fi\/"},{"@type":"ListItem","position":2,"name":"Evenemang p\u00e5 Hotel Sea Front"}]},{"@type":"WebSite","@id":"https:\/\/hotelseafront.fi\/#website","url":"https:\/\/hotelseafront.fi\/","name":"Hotel Sea Front","description":"Hotelli Tammisaaressa","publisher":{"@id":"https:\/\/hotelseafront.fi\/#organization"},"potentialAction":[{"@type":"SearchAction","target":{"@type":"EntryPoint","urlTemplate":"https:\/\/hotelseafront.fi\/?s={search_term_string}"},"query-input":{"@type":"PropertyValueSpecification","valueRequired":true,"valueName":"search_term_string"}}],"inLanguage":"sv-SE"},{"@type":"Organization","@id":"https:\/\/hotelseafront.fi\/#organization","name":"Hotel Sea Front","url":"https:\/\/hotelseafront.fi\/","logo":{"@type":"ImageObject","inLanguage":"sv-SE","@id":"https:\/\/hotelseafront.fi\/#\/schema\/logo\/image\/","url":"https:\/\/hotelseafront.fi\/wp-content\/uploads\/2023\/11\/Seafront-logo-180.png","contentUrl":"https:\/\/hotelseafront.fi\/wp-content\/uploads\/2023\/11\/Seafront-logo-180.png","width":165,"height":165,"caption":"Hotel Sea Front"},"image":{"@id":"https:\/\/hotelseafront.fi\/#\/schema\/logo\/image\/"}}]}},"_links":{"self":[{"href":"https:\/\/hotelseafront.fi\/sv\/wp-json\/wp\/v2\/pages\/5808","targetHints":{"allow":["GET"]}}],"collection":[{"href":"https:\/\/hotelseafront.fi\/sv\/wp-json\/wp\/v2\/pages"}],"about":[{"href":"https:\/\/hotelseafront.fi\/sv\/wp-json\/wp\/v2\/types\/page"}],"author":[{"embeddable":true,"href":"https:\/\/hotelseafront.fi\/sv\/wp-json\/wp\/v2\/users\/1"}],"replies":[{"embeddable":true,"href":"https:\/\/hotelseafront.fi\/sv\/wp-json\/wp\/v2\/comments?post=5808"}],"version-history":[{"count":1,"href":"https:\/\/hotelseafront.fi\/sv\/wp-json\/wp\/v2\/pages\/5808\/revisions"}],"predecessor-version":[{"id":5810,"href":"https:\/\/hotelseafront.fi\/sv\/wp-json\/wp\/v2\/pages\/5808\/revisions\/5810"}],"wp:featuredmedia":[{"embeddable":true,"href":"https:\/\/hotelseafront.fi\/sv\/wp-json\/wp\/v2\/media\/5793"}],"wp:attachment":[{"href":"https:\/\/hotelseafront.fi\/sv\/wp-json\/wp\/v2\/media?parent=5808"}],"curies":[{"name":"wp","href":"https:\/\/api.w.org\/{rel}","templated":true}]}}