{"id":5474,"date":"2020-03-31T07:41:11","date_gmt":"2020-03-31T04:41:11","guid":{"rendered":"https:\/\/hotelseafront.fi\/?page_id=5474"},"modified":"2024-06-14T09:36:37","modified_gmt":"2024-06-14T06:36:37","slug":"om-hotellet","status":"publish","type":"page","link":"https:\/\/hotelseafront.fi\/sv\/om-hotellet\/","title":{"rendered":"Om Hotellet"},"content":{"rendered":"\t\t<div data-elementor-type=\"wp-page\" data-elementor-id=\"5474\" class=\"elementor elementor-5474\">\n\t\t\t\t<div class=\"elementor-element elementor-element-620d3d4 e-flex e-con-boxed e-con e-parent\" data-id=\"620d3d4\" data-element_type=\"container\" data-e-type=\"container\">\n\t\t\t\t\t<div class=\"e-con-inner\">\n\t\t\t\t<div class=\"elementor-element elementor-element-83f150e elementor-widget elementor-widget-qi_addons_for_elementor_faq\" data-id=\"83f150e\" data-element_type=\"widget\" data-e-type=\"widget\" data-widget_type=\"qi_addons_for_elementor_faq.default\">\n\t\t\t\t<div class=\"elementor-widget-container\">\n\t\t\t\t\t<div class=\"qodef-shortcode qodef-m qodef-qi-faq qodef-qi-clear qodef-behavior--none qodef-layout--simple qodef-style--standard\">\n\t<h3 class=\"qodef-e-title-holder\">\n\t<span class=\"qodef-e-title\">\n\t\t\t\tKontakta oss\t<\/span>\n\t<\/h3>\n<div class=\"qodef-e-content\">\n\t<div class=\"qodef-e-content-inner\">\n\t\t<p>Genom att kontakta oss direkt via telefon eller e-post bokar du alltid ett rum till det b\u00e4sta priset.<\/p><p>\u00a0<\/p><p>P: <a href=\"tel:358192461500\" target=\"_blank\" rel=\"noopener\">+358(0)19 2461500<\/a><\/p><p>E: <a href=\"mailto:info@hotelseafront.fi\" target=\"_blank\" rel=\"noopener\">info@hotelseafront.fi<\/a><\/p>\t<\/div>\n<\/div>\n<\/div>\n\t<script type=\"application\/ld+json\">{\"@context\":\"https:\\\/\\\/schema.org\",\"@type\":\"FAQPage\",\"mainEntity\":[{\"@type\":\"Question\",\"name\":\"Kontakta oss\",\"acceptedAnswer\":{\"@type\":\"Answer\",\"text\":\"<p>Genom att kontakta oss direkt via telefon eller e-post bokar du alltid ett rum till det b\\u00e4sta priset.<\\\/p><p>\\u00a0<\\\/p><p>P: <a href=\\\"tel:358192461500\\\" target=\\\"_blank\\\" rel=\\\"noopener\\\">+358(0)19 2461500<\\\/a><\\\/p><p>E: <a href=\\\"mailto:info@hotelseafront.fi\\\" target=\\\"_blank\\\" rel=\\\"noopener\\\">info@hotelseafront.fi<\\\/a><\\\/p>\"}}]}<\/script>\n\t\t\t\t<\/div>\n\t\t\t\t<\/div>\n\t\t\t\t\t<\/div>\n\t\t\t\t<\/div>\n\t\t\t\t<section class=\"elementor-section elementor-top-section elementor-element elementor-element-55bc024 elementor-section-full_width qodef-elementor-content-grid elementor-section-height-default elementor-section-height-default\" data-id=\"55bc024\" data-element_type=\"section\" data-e-type=\"section\">\n\t\t\t\t\t\t<div class=\"elementor-container elementor-column-gap-no\">\n\t\t\t\t\t<div class=\"elementor-column elementor-col-100 elementor-top-column elementor-element elementor-element-5abf0b6\" data-id=\"5abf0b6\" data-element_type=\"column\" data-e-type=\"column\">\n\t\t\t<div class=\"elementor-widget-wrap elementor-element-populated\">\n\t\t\t\t\t\t<div class=\"elementor-element elementor-element-1522463 elementor-widget elementor-widget-alloggio_core_section_title\" data-id=\"1522463\" data-element_type=\"widget\" data-e-type=\"widget\" data-widget_type=\"alloggio_core_section_title.default\">\n\t\t\t\t<div class=\"elementor-widget-container\">\n\t\t\t\t\t<div class=\"qodef-shortcode qodef-m  qodef-section-title qodef-alignment--center\">\n\t\t<h2 class=\"qodef-m-title\" >\n\t\t\t\t\tV\u00e4lkommen till Hotel Sea Front\t\t\t<\/h2>\n\t\t<span class=\"qodef-m-text\" style=\"margin-top: 25px\">V\u00e5rt hotell, Hotel Sea Front, har varit i drift sedan 2009 under ledning av Henrica Ewalds. Vi ligger precis intill Eken\u00e4s centrum, i en lugn milj\u00f6 vid havet. Fr\u00e5n oss \u00e4r det en kort promenad till butiker och restauranger, j\u00e4rnv\u00e4gsstationen, sommarens str\u00e4nder och vinterns skidsp\u00e5r. V\u00e5r v\u00e4nliga personal g\u00f6r allt f\u00f6r att du ska trivas.\n\n\n\n\n\n<\/span>\n<\/div>\t\t\t\t<\/div>\n\t\t\t\t<\/div>\n\t\t\t\t\t<\/div>\n\t\t<\/div>\n\t\t\t\t\t<\/div>\n\t\t<\/section>\n\t\t\t\t<section class=\"elementor-section elementor-top-section elementor-element elementor-element-ec2ba33 elementor-section-full_width qodef-elementor-content-grid elementor-section-height-default elementor-section-height-default\" data-id=\"ec2ba33\" data-element_type=\"section\" data-e-type=\"section\">\n\t\t\t\t\t\t<div class=\"elementor-container elementor-column-gap-no\">\n\t\t\t\t\t<div class=\"elementor-column elementor-col-100 elementor-top-column elementor-element elementor-element-d525d41\" data-id=\"d525d41\" data-element_type=\"column\" data-e-type=\"column\">\n\t\t\t<div class=\"elementor-widget-wrap elementor-element-populated\">\n\t\t\t\t\t\t<div class=\"elementor-element elementor-element-c4040df elementor-widget elementor-widget-alloggio_core_video_button\" data-id=\"c4040df\" data-element_type=\"widget\" data-e-type=\"widget\" data-widget_type=\"alloggio_core_video_button.default\">\n\t\t\t\t<div class=\"elementor-widget-container\">\n\t\t\t\t\t<div class=\"qodef-shortcode qodef-m  qodef-video-button qodef--has-img\">\n\t    <div class=\"qodef-m-image\">\n\t\t<img fetchpriority=\"high\" decoding=\"async\" width=\"2560\" height=\"1707\" src=\"https:\/\/hotelseafront.fi\/wp-content\/uploads\/2023\/11\/DSC0905-2-scaled.jpg\" class=\"attachment-full size-full\" alt=\"\" srcset=\"https:\/\/hotelseafront.fi\/wp-content\/uploads\/2023\/11\/DSC0905-2-scaled.jpg 2560w, https:\/\/hotelseafront.fi\/wp-content\/uploads\/2023\/11\/DSC0905-2-300x200.jpg 300w, https:\/\/hotelseafront.fi\/wp-content\/uploads\/2023\/11\/DSC0905-2-1024x683.jpg 1024w, https:\/\/hotelseafront.fi\/wp-content\/uploads\/2023\/11\/DSC0905-2-768x512.jpg 768w, https:\/\/hotelseafront.fi\/wp-content\/uploads\/2023\/11\/DSC0905-2-1536x1024.jpg 1536w, https:\/\/hotelseafront.fi\/wp-content\/uploads\/2023\/11\/DSC0905-2-2048x1365.jpg 2048w\" sizes=\"(max-width: 2560px) 100vw, 2560px\" \/>    <\/div>\n\t\t<a itemprop=\"url\" class=\"qodef-m-play qodef-magnific-popup qodef-popup-item\"  href=\"https:\/\/vimeo.com\/957712645?share=copy\" data-type=\"iframe\">\n\t\t<span class=\"qodef-m-play-inner\">\n\t\t\t\t\t\t<svg xmlns=\"http:\/\/www.w3.org\/2000\/svg\" xmlns:xlink=\"http:\/\/www.w3.org\/1999\/xlink\" x=\"0px\" y=\"0px\" viewBox=\"0 0 71 71\" enable-background=\"new 0 0 71 71\" xml:space=\"preserve\">\n\t\t\t\t<polygon points=\"49.2,35.5 25.8,22 25.8,49 \"\/>\n\t\t\t\t<circle cx=\"35.5\" cy=\"35.5\" r=\"35\"\/>\n\t\t\t<\/svg>\n\t\t<\/span>\n\t<\/a>\n<\/div>\t\t\t\t<\/div>\n\t\t\t\t<\/div>\n\t\t\t\t\t<\/div>\n\t\t<\/div>\n\t\t\t\t\t<\/div>\n\t\t<\/section>\n\t\t\t\t<section class=\"elementor-section elementor-top-section elementor-element elementor-element-6a49433 elementor-section-full_width elementor-section-height-default elementor-section-height-default qodef-elementor-content-no\" data-id=\"6a49433\" data-element_type=\"section\" data-e-type=\"section\" data-settings=\"{&quot;background_background&quot;:&quot;classic&quot;}\">\n\t\t\t\t\t\t\t<div class=\"elementor-background-overlay\"><\/div>\n\t\t\t\t\t\t\t<div class=\"elementor-container elementor-column-gap-no\">\n\t\t\t\t\t<div class=\"elementor-column elementor-col-100 elementor-top-column elementor-element elementor-element-91ca2de\" data-id=\"91ca2de\" data-element_type=\"column\" data-e-type=\"column\">\n\t\t\t<div class=\"elementor-widget-wrap\">\n\t\t\t\t\t\t\t<\/div>\n\t\t<\/div>\n\t\t\t\t\t<\/div>\n\t\t<\/section>\n\t\t\t\t<\/div>\n\t\t","protected":false},"excerpt":{"rendered":"<p>Kontakta oss Genom att kontakta oss direkt via telefon eller e-post bokar du alltid ett rum till det b\u00e4sta priset. \u00a0 P: +358(0)19 2461500 E: info@hotelseafront.fi V\u00e4lkommen till Hotel Sea Front V\u00e5rt hotell, Hotel Sea Front, har varit i drift sedan 2009 under ledning av Henrica Ewalds. Vi ligger precis intill Eken\u00e4s centrum, i en [&hellip;]<\/p>\n","protected":false},"author":1,"featured_media":0,"parent":0,"menu_order":0,"comment_status":"closed","ping_status":"closed","template":"page-full-width.php","meta":{"footnotes":""},"class_list":["post-5474","page","type-page","status-publish","hentry"],"yoast_head":"<!-- This site is optimized with the Yoast SEO plugin v27.4 - https:\/\/yoast.com\/product\/yoast-seo-wordpress\/ -->\n<title>Om Hotellet - Hotel Sea Front<\/title>\n<meta name=\"robots\" content=\"index, follow, max-snippet:-1, max-image-preview:large, max-video-preview:-1\" \/>\n<link rel=\"canonical\" href=\"https:\/\/hotelseafront.fi\/about-us\/\" \/>\n<meta property=\"og:locale\" content=\"sv_SE\" \/>\n<meta property=\"og:type\" content=\"article\" \/>\n<meta property=\"og:title\" content=\"Om Hotellet - Hotel Sea Front\" \/>\n<meta property=\"og:description\" content=\"Kontakta oss Genom att kontakta oss direkt via telefon eller e-post bokar du alltid ett rum till det b\u00e4sta priset. \u00a0 P: +358(0)19 2461500 E: info@hotelseafront.fi V\u00e4lkommen till Hotel Sea Front V\u00e5rt hotell, Hotel Sea Front, har varit i drift sedan 2009 under ledning av Henrica Ewalds. Vi ligger precis intill Eken\u00e4s centrum, i en [&hellip;]\" \/>\n<meta property=\"og:url\" content=\"https:\/\/hotelseafront.fi\/about-us\/\" \/>\n<meta property=\"og:site_name\" content=\"Hotel Sea Front\" \/>\n<meta property=\"article:modified_time\" content=\"2024-06-14T06:36:37+00:00\" \/>\n<meta property=\"og:image\" content=\"https:\/\/hotelseafront.fi\/wp-content\/uploads\/2023\/11\/DSC0905-2-scaled.jpg\" \/>\n<meta name=\"twitter:card\" content=\"summary_large_image\" \/>\n<script type=\"application\/ld+json\" class=\"yoast-schema-graph\">{\"@context\":\"https:\\\/\\\/schema.org\",\"@graph\":[{\"@type\":\"WebPage\",\"@id\":\"https:\\\/\\\/hotelseafront.fi\\\/about-us\\\/\",\"url\":\"https:\\\/\\\/hotelseafront.fi\\\/about-us\\\/\",\"name\":\"Om Hotellet - Hotel Sea Front\",\"isPartOf\":{\"@id\":\"https:\\\/\\\/hotelseafront.fi\\\/#website\"},\"primaryImageOfPage\":{\"@id\":\"https:\\\/\\\/hotelseafront.fi\\\/about-us\\\/#primaryimage\"},\"image\":{\"@id\":\"https:\\\/\\\/hotelseafront.fi\\\/about-us\\\/#primaryimage\"},\"thumbnailUrl\":\"https:\\\/\\\/hotelseafront.fi\\\/wp-content\\\/uploads\\\/2023\\\/11\\\/DSC0905-2-scaled.jpg\",\"datePublished\":\"2020-03-31T04:41:11+00:00\",\"dateModified\":\"2024-06-14T06:36:37+00:00\",\"breadcrumb\":{\"@id\":\"https:\\\/\\\/hotelseafront.fi\\\/about-us\\\/#breadcrumb\"},\"inLanguage\":\"sv-SE\",\"potentialAction\":[{\"@type\":\"ReadAction\",\"target\":[\"https:\\\/\\\/hotelseafront.fi\\\/about-us\\\/\"]}]},{\"@type\":\"ImageObject\",\"inLanguage\":\"sv-SE\",\"@id\":\"https:\\\/\\\/hotelseafront.fi\\\/about-us\\\/#primaryimage\",\"url\":\"https:\\\/\\\/hotelseafront.fi\\\/wp-content\\\/uploads\\\/2023\\\/11\\\/DSC0905-2-scaled.jpg\",\"contentUrl\":\"https:\\\/\\\/hotelseafront.fi\\\/wp-content\\\/uploads\\\/2023\\\/11\\\/DSC0905-2-scaled.jpg\"},{\"@type\":\"BreadcrumbList\",\"@id\":\"https:\\\/\\\/hotelseafront.fi\\\/about-us\\\/#breadcrumb\",\"itemListElement\":[{\"@type\":\"ListItem\",\"position\":1,\"name\":\"Etusivu\",\"item\":\"https:\\\/\\\/hotelseafront.fi\\\/\"},{\"@type\":\"ListItem\",\"position\":2,\"name\":\"Om Hotellet\"}]},{\"@type\":\"WebSite\",\"@id\":\"https:\\\/\\\/hotelseafront.fi\\\/#website\",\"url\":\"https:\\\/\\\/hotelseafront.fi\\\/\",\"name\":\"Hotel Sea Front\",\"description\":\"Hotelli Tammisaaressa\",\"publisher\":{\"@id\":\"https:\\\/\\\/hotelseafront.fi\\\/#organization\"},\"potentialAction\":[{\"@type\":\"SearchAction\",\"target\":{\"@type\":\"EntryPoint\",\"urlTemplate\":\"https:\\\/\\\/hotelseafront.fi\\\/?s={search_term_string}\"},\"query-input\":{\"@type\":\"PropertyValueSpecification\",\"valueRequired\":true,\"valueName\":\"search_term_string\"}}],\"inLanguage\":\"sv-SE\"},{\"@type\":\"Organization\",\"@id\":\"https:\\\/\\\/hotelseafront.fi\\\/#organization\",\"name\":\"Hotel Sea Front\",\"url\":\"https:\\\/\\\/hotelseafront.fi\\\/\",\"logo\":{\"@type\":\"ImageObject\",\"inLanguage\":\"sv-SE\",\"@id\":\"https:\\\/\\\/hotelseafront.fi\\\/#\\\/schema\\\/logo\\\/image\\\/\",\"url\":\"https:\\\/\\\/hotelseafront.fi\\\/wp-content\\\/uploads\\\/2023\\\/11\\\/Seafront-logo-180.png\",\"contentUrl\":\"https:\\\/\\\/hotelseafront.fi\\\/wp-content\\\/uploads\\\/2023\\\/11\\\/Seafront-logo-180.png\",\"width\":165,\"height\":165,\"caption\":\"Hotel Sea Front\"},\"image\":{\"@id\":\"https:\\\/\\\/hotelseafront.fi\\\/#\\\/schema\\\/logo\\\/image\\\/\"}}]}<\/script>\n<!-- \/ Yoast SEO plugin. -->","yoast_head_json":{"title":"Om Hotellet - Hotel Sea Front","robots":{"index":"index","follow":"follow","max-snippet":"max-snippet:-1","max-image-preview":"max-image-preview:large","max-video-preview":"max-video-preview:-1"},"canonical":"https:\/\/hotelseafront.fi\/about-us\/","og_locale":"sv_SE","og_type":"article","og_title":"Om Hotellet - Hotel Sea Front","og_description":"Kontakta oss Genom att kontakta oss direkt via telefon eller e-post bokar du alltid ett rum till det b\u00e4sta priset. \u00a0 P: +358(0)19 2461500 E: info@hotelseafront.fi V\u00e4lkommen till Hotel Sea Front V\u00e5rt hotell, Hotel Sea Front, har varit i drift sedan 2009 under ledning av Henrica Ewalds. Vi ligger precis intill Eken\u00e4s centrum, i en [&hellip;]","og_url":"https:\/\/hotelseafront.fi\/about-us\/","og_site_name":"Hotel Sea Front","article_modified_time":"2024-06-14T06:36:37+00:00","og_image":[{"url":"https:\/\/hotelseafront.fi\/wp-content\/uploads\/2023\/11\/DSC0905-2-scaled.jpg","type":"","width":"","height":""}],"twitter_card":"summary_large_image","schema":{"@context":"https:\/\/schema.org","@graph":[{"@type":"WebPage","@id":"https:\/\/hotelseafront.fi\/about-us\/","url":"https:\/\/hotelseafront.fi\/about-us\/","name":"Om Hotellet - Hotel Sea Front","isPartOf":{"@id":"https:\/\/hotelseafront.fi\/#website"},"primaryImageOfPage":{"@id":"https:\/\/hotelseafront.fi\/about-us\/#primaryimage"},"image":{"@id":"https:\/\/hotelseafront.fi\/about-us\/#primaryimage"},"thumbnailUrl":"https:\/\/hotelseafront.fi\/wp-content\/uploads\/2023\/11\/DSC0905-2-scaled.jpg","datePublished":"2020-03-31T04:41:11+00:00","dateModified":"2024-06-14T06:36:37+00:00","breadcrumb":{"@id":"https:\/\/hotelseafront.fi\/about-us\/#breadcrumb"},"inLanguage":"sv-SE","potentialAction":[{"@type":"ReadAction","target":["https:\/\/hotelseafront.fi\/about-us\/"]}]},{"@type":"ImageObject","inLanguage":"sv-SE","@id":"https:\/\/hotelseafront.fi\/about-us\/#primaryimage","url":"https:\/\/hotelseafront.fi\/wp-content\/uploads\/2023\/11\/DSC0905-2-scaled.jpg","contentUrl":"https:\/\/hotelseafront.fi\/wp-content\/uploads\/2023\/11\/DSC0905-2-scaled.jpg"},{"@type":"BreadcrumbList","@id":"https:\/\/hotelseafront.fi\/about-us\/#breadcrumb","itemListElement":[{"@type":"ListItem","position":1,"name":"Etusivu","item":"https:\/\/hotelseafront.fi\/"},{"@type":"ListItem","position":2,"name":"Om Hotellet"}]},{"@type":"WebSite","@id":"https:\/\/hotelseafront.fi\/#website","url":"https:\/\/hotelseafront.fi\/","name":"Hotel Sea Front","description":"Hotelli Tammisaaressa","publisher":{"@id":"https:\/\/hotelseafront.fi\/#organization"},"potentialAction":[{"@type":"SearchAction","target":{"@type":"EntryPoint","urlTemplate":"https:\/\/hotelseafront.fi\/?s={search_term_string}"},"query-input":{"@type":"PropertyValueSpecification","valueRequired":true,"valueName":"search_term_string"}}],"inLanguage":"sv-SE"},{"@type":"Organization","@id":"https:\/\/hotelseafront.fi\/#organization","name":"Hotel Sea Front","url":"https:\/\/hotelseafront.fi\/","logo":{"@type":"ImageObject","inLanguage":"sv-SE","@id":"https:\/\/hotelseafront.fi\/#\/schema\/logo\/image\/","url":"https:\/\/hotelseafront.fi\/wp-content\/uploads\/2023\/11\/Seafront-logo-180.png","contentUrl":"https:\/\/hotelseafront.fi\/wp-content\/uploads\/2023\/11\/Seafront-logo-180.png","width":165,"height":165,"caption":"Hotel Sea Front"},"image":{"@id":"https:\/\/hotelseafront.fi\/#\/schema\/logo\/image\/"}}]}},"_links":{"self":[{"href":"https:\/\/hotelseafront.fi\/sv\/wp-json\/wp\/v2\/pages\/5474","targetHints":{"allow":["GET"]}}],"collection":[{"href":"https:\/\/hotelseafront.fi\/sv\/wp-json\/wp\/v2\/pages"}],"about":[{"href":"https:\/\/hotelseafront.fi\/sv\/wp-json\/wp\/v2\/types\/page"}],"author":[{"embeddable":true,"href":"https:\/\/hotelseafront.fi\/sv\/wp-json\/wp\/v2\/users\/1"}],"replies":[{"embeddable":true,"href":"https:\/\/hotelseafront.fi\/sv\/wp-json\/wp\/v2\/comments?post=5474"}],"version-history":[{"count":7,"href":"https:\/\/hotelseafront.fi\/sv\/wp-json\/wp\/v2\/pages\/5474\/revisions"}],"predecessor-version":[{"id":5493,"href":"https:\/\/hotelseafront.fi\/sv\/wp-json\/wp\/v2\/pages\/5474\/revisions\/5493"}],"wp:attachment":[{"href":"https:\/\/hotelseafront.fi\/sv\/wp-json\/wp\/v2\/media?parent=5474"}],"curies":[{"name":"wp","href":"https:\/\/api.w.org\/{rel}","templated":true}]}}