{"id":5421,"date":"2020-03-31T14:10:39","date_gmt":"2020-03-31T11:10:39","guid":{"rendered":"https:\/\/hotelseafront.fi\/?page_id=5421"},"modified":"2024-11-16T14:12:39","modified_gmt":"2024-11-16T12:12:39","slug":"elementor-5421","status":"publish","type":"page","link":"https:\/\/hotelseafront.fi\/sv\/elementor-5421\/","title":{"rendered":"Hotel Sea Front Frukost"},"content":{"rendered":"\t\t<div data-elementor-type=\"wp-page\" data-elementor-id=\"5421\" class=\"elementor elementor-5421\">\n\t\t\t\t\t\t<section class=\"elementor-section elementor-top-section elementor-element elementor-element-7ff20ca elementor-section-full_width qodef-elementor-content-grid elementor-section-height-default elementor-section-height-default\" data-id=\"7ff20ca\" data-element_type=\"section\" data-e-type=\"section\">\n\t\t\t\t\t\t<div class=\"elementor-container elementor-column-gap-no\">\n\t\t\t\t\t<div class=\"elementor-column elementor-col-100 elementor-top-column elementor-element elementor-element-500b04f\" data-id=\"500b04f\" data-element_type=\"column\" data-e-type=\"column\">\n\t\t\t<div class=\"elementor-widget-wrap elementor-element-populated\">\n\t\t\t\t\t\t<div class=\"elementor-element elementor-element-d74b235 elementor-widget elementor-widget-alloggio_core_section_title\" data-id=\"d74b235\" data-element_type=\"widget\" data-e-type=\"widget\" data-widget_type=\"alloggio_core_section_title.default\">\n\t\t\t\t<div class=\"elementor-widget-container\">\n\t\t\t\t\t<div class=\"qodef-shortcode qodef-m  qodef-section-title qodef-alignment--center\">\n\t\t<h2 class=\"qodef-m-title\" >\n\t\t\t\t\tFrukost\t\t\t<\/h2>\n\t\t<span class=\"qodef-m-text\" >Frukost serveras f\u00f6r hotellg\u00e4ster vardagar kl. 6.30- 9.30 och veckoslut 7.30-10.00 V\u00e4lkommen!<\/span>\n<\/div>\t\t\t\t<\/div>\n\t\t\t\t<\/div>\n\t\t\t\t\t<\/div>\n\t\t<\/div>\n\t\t\t\t\t<\/div>\n\t\t<\/section>\n\t\t<div class=\"elementor-element elementor-element-f6a0543 e-flex e-con-boxed e-con e-parent\" data-id=\"f6a0543\" data-element_type=\"container\" data-e-type=\"container\">\n\t\t\t\t\t<div class=\"e-con-inner\">\n\t\t\t\t<div class=\"elementor-element elementor-element-28533af elementor-widget elementor-widget-qi_addons_for_elementor_faq\" data-id=\"28533af\" data-element_type=\"widget\" data-e-type=\"widget\" data-widget_type=\"qi_addons_for_elementor_faq.default\">\n\t\t\t\t<div class=\"elementor-widget-container\">\n\t\t\t\t\t<div class=\"qodef-shortcode qodef-m qodef-qi-faq qodef-qi-clear qodef-behavior--none qodef-layout--simple qodef-style--standard\">\n\t<h3 class=\"qodef-e-title-holder\">\n\t<span class=\"qodef-e-title\">\n\t\t\t\tFrukost inneh\u00e5ller\t<\/span>\n\t<\/h3>\n<div class=\"qodef-e-content\">\n\t<div class=\"qodef-e-content-inner\">\n\t\t<p><strong>Hotel Sea Fronts frukost inneh\u00e5ller ett l\u00e4ckert och s\u00e4songsbetonat urval av frukostdelikatesser som ger en perfekt start p\u00e5 dagen. Njut i en lugn milj\u00f6 och b\u00f6rja din morgon med l\u00e4ckra alternativ som passar allas smak.<\/strong><\/p><p>Frukosten inneh\u00e5ller:<\/p><ul><li>Nybryggt te och kaffe.<\/li><li>M\u00f6rkt och ljust br\u00f6d och olika p\u00e5l\u00e4gg som tillfredsst\u00e4ller saltbeg\u00e4ret<\/li><li>F\u00e4rgglada och fr\u00e4scha gr\u00f6nsaker som livar upp din morgon<\/li><li>Saftiga frukter som ger s\u00f6tma och vitaminer<\/li><li>Croissanter och ljuvlig Nutella som ger en touch av lyx<\/li><li>Varm gr\u00f6t och m\u00e5ngsidig m\u00fcsli som h\u00e5ller hungern borta l\u00e4nge<\/li><li>Olika sorters sylt som kompletterar smakupplevelsen<\/li><li>\u00c4ppel- och apelsinjuice som ger energi till dagen<\/li><\/ul><p><strong>V\u00e4lkommen att njuta av Hotel Sea Fronts rikliga frukost som f\u00f6rbereder dig f\u00f6r dagens \u00e4ventyr vid havet!<\/strong><\/p>\t<\/div>\n<\/div>\n<\/div>\n\t<script type=\"application\/ld+json\">{\"@context\":\"https:\\\/\\\/schema.org\",\"@type\":\"FAQPage\",\"mainEntity\":[{\"@type\":\"Question\",\"name\":\"Frukost inneh\\u00e5ller\",\"acceptedAnswer\":{\"@type\":\"Answer\",\"text\":\"<p><strong>Hotel Sea Fronts frukost inneh\\u00e5ller ett l\\u00e4ckert och s\\u00e4songsbetonat urval av frukostdelikatesser som ger en perfekt start p\\u00e5 dagen. Njut i en lugn milj\\u00f6 och b\\u00f6rja din morgon med l\\u00e4ckra alternativ som passar allas smak.<\\\/strong><\\\/p><p>Frukosten inneh\\u00e5ller:<\\\/p><ul><li>Nybryggt te och kaffe.<\\\/li><li>M\\u00f6rkt och ljust br\\u00f6d och olika p\\u00e5l\\u00e4gg som tillfredsst\\u00e4ller saltbeg\\u00e4ret<\\\/li><li>F\\u00e4rgglada och fr\\u00e4scha gr\\u00f6nsaker som livar upp din morgon<\\\/li><li>Saftiga frukter som ger s\\u00f6tma och vitaminer<\\\/li><li>Croissanter och ljuvlig Nutella som ger en touch av lyx<\\\/li><li>Varm gr\\u00f6t och m\\u00e5ngsidig m\\u00fcsli som h\\u00e5ller hungern borta l\\u00e4nge<\\\/li><li>Olika sorters sylt som kompletterar smakupplevelsen<\\\/li><li>\\u00c4ppel- och apelsinjuice som ger energi till dagen<\\\/li><\\\/ul><p><strong>V\\u00e4lkommen att njuta av Hotel Sea Fronts rikliga frukost som f\\u00f6rbereder dig f\\u00f6r dagens \\u00e4ventyr vid havet!<\\\/strong><\\\/p>\"}}]}<\/script>\n\t\t\t\t<\/div>\n\t\t\t\t<\/div>\n\t\t\t\t\t<\/div>\n\t\t\t\t<\/div>\n\t\t\t\t<section class=\"elementor-section elementor-top-section elementor-element elementor-element-5f68976 elementor-section-full_width qodef-elementor-content-grid elementor-section-height-default elementor-section-height-default\" data-id=\"5f68976\" data-element_type=\"section\" data-e-type=\"section\">\n\t\t\t\t\t\t<div class=\"elementor-container elementor-column-gap-no\">\n\t\t\t\t\t<div class=\"elementor-column elementor-col-100 elementor-top-column elementor-element elementor-element-7e793dc\" data-id=\"7e793dc\" data-element_type=\"column\" data-e-type=\"column\">\n\t\t\t<div class=\"elementor-widget-wrap elementor-element-populated\">\n\t\t\t\t\t\t<div class=\"elementor-element elementor-element-ad0be11 elementor-widget elementor-widget-alloggio_core_image_gallery\" data-id=\"ad0be11\" data-element_type=\"widget\" data-e-type=\"widget\" data-widget_type=\"alloggio_core_image_gallery.default\">\n\t\t\t\t<div class=\"elementor-widget-container\">\n\t\t\t\t\t<div class=\"qodef-shortcode qodef-m  qodef-image-gallery      qodef-grid qodef-layout--columns  qodef-gutter--normal qodef-col-num--3  qodef-responsive--custom qodef-col-num--1440--3 qodef-col-num--1366--3 qodef-col-num--1024--3 qodef-col-num--768--1 qodef-col-num--680--1 qodef-col-num--480--1\">\n    <div class=\"qodef-grid-inner clear\">\n\t\t<div class=\"qodef-e qodef-image-wrapper qodef-grid-item\">\n\t\t\t<img fetchpriority=\"high\" decoding=\"async\" width=\"2560\" height=\"2560\" src=\"https:\/\/hotelseafront.fi\/wp-content\/uploads\/2023\/11\/DSC0855-scaled.jpg\" class=\"attachment-full size-full\" alt=\"\" data-swiper-parallax=\"27%\" srcset=\"https:\/\/hotelseafront.fi\/wp-content\/uploads\/2023\/11\/DSC0855-scaled.jpg 2560w, https:\/\/hotelseafront.fi\/wp-content\/uploads\/2023\/11\/DSC0855-300x300.jpg 300w, https:\/\/hotelseafront.fi\/wp-content\/uploads\/2023\/11\/DSC0855-1024x1024.jpg 1024w, https:\/\/hotelseafront.fi\/wp-content\/uploads\/2023\/11\/DSC0855-150x150.jpg 150w, https:\/\/hotelseafront.fi\/wp-content\/uploads\/2023\/11\/DSC0855-768x768.jpg 768w, https:\/\/hotelseafront.fi\/wp-content\/uploads\/2023\/11\/DSC0855-1536x1536.jpg 1536w, https:\/\/hotelseafront.fi\/wp-content\/uploads\/2023\/11\/DSC0855-2048x2048.jpg 2048w, https:\/\/hotelseafront.fi\/wp-content\/uploads\/2023\/11\/DSC0855-650x650.jpg 650w, https:\/\/hotelseafront.fi\/wp-content\/uploads\/2023\/11\/DSC0855-1300x1300.jpg 1300w\" sizes=\"(max-width: 2560px) 100vw, 2560px\" \/>\t<\/div><div class=\"qodef-e qodef-image-wrapper qodef-grid-item\">\n\t\t\t<img decoding=\"async\" width=\"2301\" height=\"2301\" src=\"https:\/\/hotelseafront.fi\/wp-content\/uploads\/2023\/11\/DSC0846-1.jpg\" class=\"attachment-full size-full\" alt=\"\" data-swiper-parallax=\"27%\" srcset=\"https:\/\/hotelseafront.fi\/wp-content\/uploads\/2023\/11\/DSC0846-1.jpg 2301w, https:\/\/hotelseafront.fi\/wp-content\/uploads\/2023\/11\/DSC0846-1-300x300.jpg 300w, https:\/\/hotelseafront.fi\/wp-content\/uploads\/2023\/11\/DSC0846-1-1024x1024.jpg 1024w, https:\/\/hotelseafront.fi\/wp-content\/uploads\/2023\/11\/DSC0846-1-150x150.jpg 150w, https:\/\/hotelseafront.fi\/wp-content\/uploads\/2023\/11\/DSC0846-1-768x768.jpg 768w, https:\/\/hotelseafront.fi\/wp-content\/uploads\/2023\/11\/DSC0846-1-1536x1536.jpg 1536w, https:\/\/hotelseafront.fi\/wp-content\/uploads\/2023\/11\/DSC0846-1-2048x2048.jpg 2048w, https:\/\/hotelseafront.fi\/wp-content\/uploads\/2023\/11\/DSC0846-1-650x650.jpg 650w, https:\/\/hotelseafront.fi\/wp-content\/uploads\/2023\/11\/DSC0846-1-1300x1300.jpg 1300w\" sizes=\"(max-width: 2301px) 100vw, 2301px\" \/>\t<\/div><div class=\"qodef-e qodef-image-wrapper qodef-grid-item\">\n\t\t\t<img decoding=\"async\" width=\"2560\" height=\"2560\" src=\"https:\/\/hotelseafront.fi\/wp-content\/uploads\/2023\/11\/DSC0842-scaled.jpg\" class=\"attachment-full size-full\" alt=\"\" data-swiper-parallax=\"27%\" srcset=\"https:\/\/hotelseafront.fi\/wp-content\/uploads\/2023\/11\/DSC0842-scaled.jpg 2560w, https:\/\/hotelseafront.fi\/wp-content\/uploads\/2023\/11\/DSC0842-300x300.jpg 300w, https:\/\/hotelseafront.fi\/wp-content\/uploads\/2023\/11\/DSC0842-1024x1024.jpg 1024w, https:\/\/hotelseafront.fi\/wp-content\/uploads\/2023\/11\/DSC0842-150x150.jpg 150w, https:\/\/hotelseafront.fi\/wp-content\/uploads\/2023\/11\/DSC0842-768x768.jpg 768w, https:\/\/hotelseafront.fi\/wp-content\/uploads\/2023\/11\/DSC0842-1536x1536.jpg 1536w, https:\/\/hotelseafront.fi\/wp-content\/uploads\/2023\/11\/DSC0842-2048x2048.jpg 2048w, https:\/\/hotelseafront.fi\/wp-content\/uploads\/2023\/11\/DSC0842-650x650.jpg 650w, https:\/\/hotelseafront.fi\/wp-content\/uploads\/2023\/11\/DSC0842-1300x1300.jpg 1300w\" sizes=\"(max-width: 2560px) 100vw, 2560px\" \/>\t<\/div>    <\/div>\n<\/div>\t\t\t\t<\/div>\n\t\t\t\t<\/div>\n\t\t\t\t\t<\/div>\n\t\t<\/div>\n\t\t\t\t\t<\/div>\n\t\t<\/section>\n\t\t\t\t<\/div>\n\t\t","protected":false},"excerpt":{"rendered":"<p>Frukost Frukost serveras f\u00f6r hotellg\u00e4ster vardagar kl. 6.30- 9.30 och veckoslut 7.30-10.00 V\u00e4lkommen! Frukost inneh\u00e5ller Hotel Sea Fronts frukost inneh\u00e5ller ett l\u00e4ckert och s\u00e4songsbetonat urval av frukostdelikatesser som ger en perfekt start p\u00e5 dagen. Njut i en lugn milj\u00f6 och b\u00f6rja din morgon med l\u00e4ckra alternativ som passar allas smak. Frukosten inneh\u00e5ller: Nybryggt te och [&hellip;]<\/p>\n","protected":false},"author":1,"featured_media":0,"parent":0,"menu_order":0,"comment_status":"closed","ping_status":"closed","template":"","meta":{"footnotes":""},"class_list":["post-5421","page","type-page","status-publish","hentry"],"yoast_head":"<!-- This site is optimized with the Yoast SEO plugin v27.4 - https:\/\/yoast.com\/product\/yoast-seo-wordpress\/ -->\n<title>Hotel Sea Front Frukost - Hotel Sea Front<\/title>\n<meta name=\"robots\" content=\"index, follow, max-snippet:-1, max-image-preview:large, max-video-preview:-1\" \/>\n<link rel=\"canonical\" href=\"https:\/\/hotelseafront.fi\/menu-page\/\" \/>\n<meta property=\"og:locale\" content=\"sv_SE\" \/>\n<meta property=\"og:type\" content=\"article\" \/>\n<meta property=\"og:title\" content=\"Hotel Sea Front Frukost - Hotel Sea Front\" \/>\n<meta property=\"og:description\" content=\"Frukost Frukost serveras f\u00f6r hotellg\u00e4ster vardagar kl. 6.30- 9.30 och veckoslut 7.30-10.00 V\u00e4lkommen! Frukost inneh\u00e5ller Hotel Sea Fronts frukost inneh\u00e5ller ett l\u00e4ckert och s\u00e4songsbetonat urval av frukostdelikatesser som ger en perfekt start p\u00e5 dagen. Njut i en lugn milj\u00f6 och b\u00f6rja din morgon med l\u00e4ckra alternativ som passar allas smak. Frukosten inneh\u00e5ller: Nybryggt te och [&hellip;]\" \/>\n<meta property=\"og:url\" content=\"https:\/\/hotelseafront.fi\/menu-page\/\" \/>\n<meta property=\"og:site_name\" content=\"Hotel Sea Front\" \/>\n<meta property=\"article:modified_time\" content=\"2024-11-16T12:12:39+00:00\" \/>\n<meta property=\"og:image\" content=\"https:\/\/hotelseafront.fi\/wp-content\/uploads\/2023\/11\/DSC0855-scaled.jpg\" \/>\n<meta name=\"twitter:card\" content=\"summary_large_image\" \/>\n<meta name=\"twitter:label1\" content=\"Ber\u00e4knad l\u00e4stid\" \/>\n\t<meta name=\"twitter:data1\" content=\"1 minut\" \/>\n<script type=\"application\/ld+json\" class=\"yoast-schema-graph\">{\"@context\":\"https:\\\/\\\/schema.org\",\"@graph\":[{\"@type\":\"WebPage\",\"@id\":\"https:\\\/\\\/hotelseafront.fi\\\/menu-page\\\/\",\"url\":\"https:\\\/\\\/hotelseafront.fi\\\/menu-page\\\/\",\"name\":\"Hotel Sea Front Frukost - Hotel Sea Front\",\"isPartOf\":{\"@id\":\"https:\\\/\\\/hotelseafront.fi\\\/#website\"},\"primaryImageOfPage\":{\"@id\":\"https:\\\/\\\/hotelseafront.fi\\\/menu-page\\\/#primaryimage\"},\"image\":{\"@id\":\"https:\\\/\\\/hotelseafront.fi\\\/menu-page\\\/#primaryimage\"},\"thumbnailUrl\":\"https:\\\/\\\/hotelseafront.fi\\\/wp-content\\\/uploads\\\/2023\\\/11\\\/DSC0855-scaled.jpg\",\"datePublished\":\"2020-03-31T11:10:39+00:00\",\"dateModified\":\"2024-11-16T12:12:39+00:00\",\"breadcrumb\":{\"@id\":\"https:\\\/\\\/hotelseafront.fi\\\/menu-page\\\/#breadcrumb\"},\"inLanguage\":\"sv-SE\",\"potentialAction\":[{\"@type\":\"ReadAction\",\"target\":[\"https:\\\/\\\/hotelseafront.fi\\\/menu-page\\\/\"]}]},{\"@type\":\"ImageObject\",\"inLanguage\":\"sv-SE\",\"@id\":\"https:\\\/\\\/hotelseafront.fi\\\/menu-page\\\/#primaryimage\",\"url\":\"https:\\\/\\\/hotelseafront.fi\\\/wp-content\\\/uploads\\\/2023\\\/11\\\/DSC0855-scaled.jpg\",\"contentUrl\":\"https:\\\/\\\/hotelseafront.fi\\\/wp-content\\\/uploads\\\/2023\\\/11\\\/DSC0855-scaled.jpg\"},{\"@type\":\"BreadcrumbList\",\"@id\":\"https:\\\/\\\/hotelseafront.fi\\\/menu-page\\\/#breadcrumb\",\"itemListElement\":[{\"@type\":\"ListItem\",\"position\":1,\"name\":\"Etusivu\",\"item\":\"https:\\\/\\\/hotelseafront.fi\\\/\"},{\"@type\":\"ListItem\",\"position\":2,\"name\":\"Hotel Sea Front Frukost\"}]},{\"@type\":\"WebSite\",\"@id\":\"https:\\\/\\\/hotelseafront.fi\\\/#website\",\"url\":\"https:\\\/\\\/hotelseafront.fi\\\/\",\"name\":\"Hotel Sea Front\",\"description\":\"Hotelli Tammisaaressa\",\"publisher\":{\"@id\":\"https:\\\/\\\/hotelseafront.fi\\\/#organization\"},\"potentialAction\":[{\"@type\":\"SearchAction\",\"target\":{\"@type\":\"EntryPoint\",\"urlTemplate\":\"https:\\\/\\\/hotelseafront.fi\\\/?s={search_term_string}\"},\"query-input\":{\"@type\":\"PropertyValueSpecification\",\"valueRequired\":true,\"valueName\":\"search_term_string\"}}],\"inLanguage\":\"sv-SE\"},{\"@type\":\"Organization\",\"@id\":\"https:\\\/\\\/hotelseafront.fi\\\/#organization\",\"name\":\"Hotel Sea Front\",\"url\":\"https:\\\/\\\/hotelseafront.fi\\\/\",\"logo\":{\"@type\":\"ImageObject\",\"inLanguage\":\"sv-SE\",\"@id\":\"https:\\\/\\\/hotelseafront.fi\\\/#\\\/schema\\\/logo\\\/image\\\/\",\"url\":\"https:\\\/\\\/hotelseafront.fi\\\/wp-content\\\/uploads\\\/2023\\\/11\\\/Seafront-logo-180.png\",\"contentUrl\":\"https:\\\/\\\/hotelseafront.fi\\\/wp-content\\\/uploads\\\/2023\\\/11\\\/Seafront-logo-180.png\",\"width\":165,\"height\":165,\"caption\":\"Hotel Sea Front\"},\"image\":{\"@id\":\"https:\\\/\\\/hotelseafront.fi\\\/#\\\/schema\\\/logo\\\/image\\\/\"}}]}<\/script>\n<!-- \/ Yoast SEO plugin. -->","yoast_head_json":{"title":"Hotel Sea Front Frukost - Hotel Sea Front","robots":{"index":"index","follow":"follow","max-snippet":"max-snippet:-1","max-image-preview":"max-image-preview:large","max-video-preview":"max-video-preview:-1"},"canonical":"https:\/\/hotelseafront.fi\/menu-page\/","og_locale":"sv_SE","og_type":"article","og_title":"Hotel Sea Front Frukost - Hotel Sea Front","og_description":"Frukost Frukost serveras f\u00f6r hotellg\u00e4ster vardagar kl. 6.30- 9.30 och veckoslut 7.30-10.00 V\u00e4lkommen! Frukost inneh\u00e5ller Hotel Sea Fronts frukost inneh\u00e5ller ett l\u00e4ckert och s\u00e4songsbetonat urval av frukostdelikatesser som ger en perfekt start p\u00e5 dagen. Njut i en lugn milj\u00f6 och b\u00f6rja din morgon med l\u00e4ckra alternativ som passar allas smak. Frukosten inneh\u00e5ller: Nybryggt te och [&hellip;]","og_url":"https:\/\/hotelseafront.fi\/menu-page\/","og_site_name":"Hotel Sea Front","article_modified_time":"2024-11-16T12:12:39+00:00","og_image":[{"url":"https:\/\/hotelseafront.fi\/wp-content\/uploads\/2023\/11\/DSC0855-scaled.jpg","type":"","width":"","height":""}],"twitter_card":"summary_large_image","twitter_misc":{"Ber\u00e4knad l\u00e4stid":"1 minut"},"schema":{"@context":"https:\/\/schema.org","@graph":[{"@type":"WebPage","@id":"https:\/\/hotelseafront.fi\/menu-page\/","url":"https:\/\/hotelseafront.fi\/menu-page\/","name":"Hotel Sea Front Frukost - Hotel Sea Front","isPartOf":{"@id":"https:\/\/hotelseafront.fi\/#website"},"primaryImageOfPage":{"@id":"https:\/\/hotelseafront.fi\/menu-page\/#primaryimage"},"image":{"@id":"https:\/\/hotelseafront.fi\/menu-page\/#primaryimage"},"thumbnailUrl":"https:\/\/hotelseafront.fi\/wp-content\/uploads\/2023\/11\/DSC0855-scaled.jpg","datePublished":"2020-03-31T11:10:39+00:00","dateModified":"2024-11-16T12:12:39+00:00","breadcrumb":{"@id":"https:\/\/hotelseafront.fi\/menu-page\/#breadcrumb"},"inLanguage":"sv-SE","potentialAction":[{"@type":"ReadAction","target":["https:\/\/hotelseafront.fi\/menu-page\/"]}]},{"@type":"ImageObject","inLanguage":"sv-SE","@id":"https:\/\/hotelseafront.fi\/menu-page\/#primaryimage","url":"https:\/\/hotelseafront.fi\/wp-content\/uploads\/2023\/11\/DSC0855-scaled.jpg","contentUrl":"https:\/\/hotelseafront.fi\/wp-content\/uploads\/2023\/11\/DSC0855-scaled.jpg"},{"@type":"BreadcrumbList","@id":"https:\/\/hotelseafront.fi\/menu-page\/#breadcrumb","itemListElement":[{"@type":"ListItem","position":1,"name":"Etusivu","item":"https:\/\/hotelseafront.fi\/"},{"@type":"ListItem","position":2,"name":"Hotel Sea Front Frukost"}]},{"@type":"WebSite","@id":"https:\/\/hotelseafront.fi\/#website","url":"https:\/\/hotelseafront.fi\/","name":"Hotel Sea Front","description":"Hotelli Tammisaaressa","publisher":{"@id":"https:\/\/hotelseafront.fi\/#organization"},"potentialAction":[{"@type":"SearchAction","target":{"@type":"EntryPoint","urlTemplate":"https:\/\/hotelseafront.fi\/?s={search_term_string}"},"query-input":{"@type":"PropertyValueSpecification","valueRequired":true,"valueName":"search_term_string"}}],"inLanguage":"sv-SE"},{"@type":"Organization","@id":"https:\/\/hotelseafront.fi\/#organization","name":"Hotel Sea Front","url":"https:\/\/hotelseafront.fi\/","logo":{"@type":"ImageObject","inLanguage":"sv-SE","@id":"https:\/\/hotelseafront.fi\/#\/schema\/logo\/image\/","url":"https:\/\/hotelseafront.fi\/wp-content\/uploads\/2023\/11\/Seafront-logo-180.png","contentUrl":"https:\/\/hotelseafront.fi\/wp-content\/uploads\/2023\/11\/Seafront-logo-180.png","width":165,"height":165,"caption":"Hotel Sea Front"},"image":{"@id":"https:\/\/hotelseafront.fi\/#\/schema\/logo\/image\/"}}]}},"_links":{"self":[{"href":"https:\/\/hotelseafront.fi\/sv\/wp-json\/wp\/v2\/pages\/5421","targetHints":{"allow":["GET"]}}],"collection":[{"href":"https:\/\/hotelseafront.fi\/sv\/wp-json\/wp\/v2\/pages"}],"about":[{"href":"https:\/\/hotelseafront.fi\/sv\/wp-json\/wp\/v2\/types\/page"}],"author":[{"embeddable":true,"href":"https:\/\/hotelseafront.fi\/sv\/wp-json\/wp\/v2\/users\/1"}],"replies":[{"embeddable":true,"href":"https:\/\/hotelseafront.fi\/sv\/wp-json\/wp\/v2\/comments?post=5421"}],"version-history":[{"count":23,"href":"https:\/\/hotelseafront.fi\/sv\/wp-json\/wp\/v2\/pages\/5421\/revisions"}],"predecessor-version":[{"id":5569,"href":"https:\/\/hotelseafront.fi\/sv\/wp-json\/wp\/v2\/pages\/5421\/revisions\/5569"}],"wp:attachment":[{"href":"https:\/\/hotelseafront.fi\/sv\/wp-json\/wp\/v2\/media?parent=5421"}],"curies":[{"name":"wp","href":"https:\/\/api.w.org\/{rel}","templated":true}]}}